{"id":13,"date":"2025-05-16T13:51:06","date_gmt":"2025-05-16T13:51:06","guid":{"rendered":"https:\/\/goorsanmoda.rkinformatika.online\/?page_id=13"},"modified":"2025-05-19T09:04:56","modified_gmt":"2025-05-19T09:04:56","slug":"servicios","status":"publish","type":"page","link":"https:\/\/goorsanmoda.com\/eu\/servicios\/","title":{"rendered":"Zerbitzua"},"content":{"rendered":"<div data-elementor-type=\"wp-page\" data-elementor-id=\"13\" class=\"elementor elementor-13\" data-elementor-post-type=\"page\">\n\t\t\t\t<div class=\"elementor-element elementor-element-3620279 e-flex e-con-boxed e-con e-parent\" data-id=\"3620279\" data-element_type=\"container\" data-e-type=\"container\" data-settings=\"{&quot;background_background&quot;:&quot;classic&quot;}\">\n\t\t\t\t\t<div class=\"e-con-inner\">\n\t\t<div class=\"elementor-element elementor-element-190e639 e-con-full e-flex e-con e-child\" data-id=\"190e639\" data-element_type=\"container\" data-e-type=\"container\" data-settings=\"{&quot;background_background&quot;:&quot;classic&quot;}\">\n\t\t\t\t<div class=\"elementor-element elementor-element-e639ad9 elementor-invisible elementor-widget elementor-widget-heading\" data-id=\"e639ad9\" data-element_type=\"widget\" data-e-type=\"widget\" data-settings=\"{&quot;_animation&quot;:&quot;fadeIn&quot;}\" data-widget_type=\"heading.default\">\n\t\t\t\t<div class=\"elementor-widget-container\">\n\t\t\t\t\t<h2 class=\"elementor-heading-title elementor-size-default\">Te ayudamos a elegir lo que mejor va contigo.<\/h2>\t\t\t\t<\/div>\n\t\t\t\t<\/div>\n\t\t\t\t<\/div>\n\t\t\t\t\t<\/div>\n\t\t\t\t<\/div>\n\t\t<div class=\"elementor-element elementor-element-e51ec62 e-flex e-con-boxed e-con e-parent\" data-id=\"e51ec62\" data-element_type=\"container\" data-e-type=\"container\" data-settings=\"{&quot;background_background&quot;:&quot;classic&quot;}\">\n\t\t\t\t\t<div class=\"e-con-inner\">\n\t\t<div class=\"elementor-element elementor-element-9b4c4b6 e-con-full e-flex elementor-invisible e-con e-child\" data-id=\"9b4c4b6\" data-element_type=\"container\" data-e-type=\"container\" data-settings=\"{&quot;background_background&quot;:&quot;classic&quot;,&quot;animation&quot;:&quot;fadeInLeft&quot;}\">\n\t\t\t\t<div class=\"elementor-element elementor-element-577d933 e-transform elementor-widget elementor-widget-image\" data-id=\"577d933\" data-element_type=\"widget\" data-e-type=\"widget\" data-settings=\"{&quot;_transform_scale_effect_hover&quot;:{&quot;unit&quot;:&quot;px&quot;,&quot;size&quot;:0.97,&quot;sizes&quot;:[]},&quot;_transform_scale_effect_hover_tablet&quot;:{&quot;unit&quot;:&quot;px&quot;,&quot;size&quot;:&quot;&quot;,&quot;sizes&quot;:[]},&quot;_transform_scale_effect_hover_mobile&quot;:{&quot;unit&quot;:&quot;px&quot;,&quot;size&quot;:&quot;&quot;,&quot;sizes&quot;:[]}}\" data-widget_type=\"image.default\">\n\t\t\t\t<div class=\"elementor-widget-container\">\n\t\t\t\t\t\t\t\t\t\t\t\t\t\t\t<img fetchpriority=\"high\" decoding=\"async\" width=\"537\" height=\"695\" src=\"https:\/\/goorsanmoda.com\/wp-content\/uploads\/2025\/05\/Anadir-un-titulo-2025-05-19T095525.992-1-e1747641768911.png\" class=\"attachment-full size-full wp-image-255\" alt=\"\" srcset=\"https:\/\/goorsanmoda.com\/wp-content\/uploads\/2025\/05\/Anadir-un-titulo-2025-05-19T095525.992-1-e1747641768911.png 537w, https:\/\/goorsanmoda.com\/wp-content\/uploads\/2025\/05\/Anadir-un-titulo-2025-05-19T095525.992-1-e1747641768911-232x300.png 232w, https:\/\/goorsanmoda.com\/wp-content\/uploads\/2025\/05\/Anadir-un-titulo-2025-05-19T095525.992-1-e1747641768911-9x12.png 9w\" sizes=\"(max-width: 537px) 100vw, 537px\" \/>\t\t\t\t\t\t\t\t\t\t\t\t\t\t\t<\/div>\n\t\t\t\t<\/div>\n\t\t\t\t<div class=\"elementor-element elementor-element-9db202e elementor-widget elementor-widget-heading\" data-id=\"9db202e\" data-element_type=\"widget\" data-e-type=\"widget\" data-widget_type=\"heading.default\">\n\t\t\t\t<div class=\"elementor-widget-container\">\n\t\t\t\t\t<h2 class=\"elementor-heading-title elementor-size-default\">Moda femenina<\/h2>\t\t\t\t<\/div>\n\t\t\t\t<\/div>\n\t\t\t\t<div class=\"elementor-element elementor-element-4082dae elementor-widget elementor-widget-text-editor\" data-id=\"4082dae\" data-element_type=\"widget\" data-e-type=\"widget\" data-widget_type=\"text-editor.default\">\n\t\t\t\t<div class=\"elementor-widget-container\">\n\t\t\t\t\t\t\t\t\t<p><span class=\"_fadeIn_m1hgl_8\">Ropa <\/span><span class=\"_fadeIn_m1hgl_8\">actual, <\/span><span class=\"_fadeIn_m1hgl_8\">vers\u00e1til <\/span><span class=\"_fadeIn_m1hgl_8\">y <\/span><span class=\"_fadeIn_m1hgl_8\">con <\/span><span class=\"_fadeIn_m1hgl_8\">estilo. <\/span><span class=\"_fadeIn_m1hgl_8\">Encuentra <\/span><span class=\"_fadeIn_m1hgl_8\">prendas <\/span><span class=\"_fadeIn_m1hgl_8\">que <\/span><span class=\"_fadeIn_m1hgl_8\">se <\/span><span class=\"_fadeIn_m1hgl_8\">adaptan <\/span><span class=\"_fadeIn_m1hgl_8\">a <\/span><span class=\"_fadeIn_m1hgl_8\">ti <\/span><span class=\"_fadeIn_m1hgl_8\">y <\/span><span class=\"_fadeIn_m1hgl_8\">a <\/span><span class=\"_fadeIn_m1hgl_8\">cada <\/span><span class=\"_fadeIn_m1hgl_8\">momento <\/span><span class=\"_fadeIn_m1hgl_8\">de <\/span><span class=\"_fadeIn_m1hgl_8\">tu <\/span><span class=\"_fadeIn_m1hgl_8\">d\u00eda.<\/span><\/p>\t\t\t\t\t\t\t\t<\/div>\n\t\t\t\t<\/div>\n\t\t\t\t<div class=\"elementor-element elementor-element-b1a716d elementor-align-center animated-slow elementor-invisible elementor-widget elementor-widget-button\" data-id=\"b1a716d\" data-element_type=\"widget\" data-e-type=\"widget\" data-settings=\"{&quot;_animation&quot;:&quot;fadeIn&quot;}\" data-widget_type=\"button.default\">\n\t\t\t\t<div class=\"elementor-widget-container\">\n\t\t\t\t\t\t\t\t\t<div class=\"elementor-button-wrapper\">\n\t\t\t\t\t<a class=\"elementor-button elementor-button-link elementor-size-sm\" href=\"https:\/\/goorsanmoda.com\/eu\/contacto\/\">\n\t\t\t\t\t\t<span class=\"elementor-button-content-wrapper\">\n\t\t\t\t\t\t\t\t\t<span class=\"elementor-button-text\">M\u00e1s info<\/span>\n\t\t\t\t\t<\/span>\n\t\t\t\t\t<\/a>\n\t\t\t\t<\/div>\n\t\t\t\t\t\t\t\t<\/div>\n\t\t\t\t<\/div>\n\t\t\t\t<\/div>\n\t\t<div class=\"elementor-element elementor-element-e60c30a e-con-full e-flex elementor-invisible e-con e-child\" data-id=\"e60c30a\" data-element_type=\"container\" data-e-type=\"container\" data-settings=\"{&quot;background_background&quot;:&quot;classic&quot;,&quot;animation&quot;:&quot;fadeInRight&quot;}\">\n\t\t\t\t<div class=\"elementor-element elementor-element-cb92205 e-transform elementor-widget elementor-widget-image\" data-id=\"cb92205\" data-element_type=\"widget\" data-e-type=\"widget\" data-settings=\"{&quot;_transform_scale_effect_hover&quot;:{&quot;unit&quot;:&quot;px&quot;,&quot;size&quot;:0.97,&quot;sizes&quot;:[]},&quot;_transform_scale_effect_hover_tablet&quot;:{&quot;unit&quot;:&quot;px&quot;,&quot;size&quot;:&quot;&quot;,&quot;sizes&quot;:[]},&quot;_transform_scale_effect_hover_mobile&quot;:{&quot;unit&quot;:&quot;px&quot;,&quot;size&quot;:&quot;&quot;,&quot;sizes&quot;:[]}}\" data-widget_type=\"image.default\">\n\t\t\t\t<div class=\"elementor-widget-container\">\n\t\t\t\t\t\t\t\t\t\t\t\t\t\t\t<img decoding=\"async\" width=\"537\" height=\"695\" src=\"https:\/\/goorsanmoda.com\/wp-content\/uploads\/2025\/05\/Anadir-un-titulo-2025-05-19T095525.992-2-e1747641795188.png\" class=\"attachment-large size-large wp-image-254\" alt=\"\" srcset=\"https:\/\/goorsanmoda.com\/wp-content\/uploads\/2025\/05\/Anadir-un-titulo-2025-05-19T095525.992-2-e1747641795188.png 537w, https:\/\/goorsanmoda.com\/wp-content\/uploads\/2025\/05\/Anadir-un-titulo-2025-05-19T095525.992-2-e1747641795188-232x300.png 232w, https:\/\/goorsanmoda.com\/wp-content\/uploads\/2025\/05\/Anadir-un-titulo-2025-05-19T095525.992-2-e1747641795188-9x12.png 9w\" sizes=\"(max-width: 537px) 100vw, 537px\" \/>\t\t\t\t\t\t\t\t\t\t\t\t\t\t\t<\/div>\n\t\t\t\t<\/div>\n\t\t\t\t<div class=\"elementor-element elementor-element-ac331d0 elementor-widget elementor-widget-heading\" data-id=\"ac331d0\" data-element_type=\"widget\" data-e-type=\"widget\" data-widget_type=\"heading.default\">\n\t\t\t\t<div class=\"elementor-widget-container\">\n\t\t\t\t\t<h2 class=\"elementor-heading-title elementor-size-default\">Complementos<\/h2>\t\t\t\t<\/div>\n\t\t\t\t<\/div>\n\t\t\t\t<div class=\"elementor-element elementor-element-4f168c5 elementor-widget elementor-widget-text-editor\" data-id=\"4f168c5\" data-element_type=\"widget\" data-e-type=\"widget\" data-widget_type=\"text-editor.default\">\n\t\t\t\t<div class=\"elementor-widget-container\">\n\t\t\t\t\t\t\t\t\t<p><span class=\"_fadeIn_m1hgl_8\">Elige <\/span><span class=\"_fadeIn_m1hgl_8\">entre <\/span><span class=\"_fadeIn_m1hgl_8\">una <\/span><span class=\"_fadeIn_m1hgl_8\">cuidada <\/span><span class=\"_fadeIn_m1hgl_8\">selecci\u00f3n <\/span><span class=\"_fadeIn_m1hgl_8\">de <\/span><span class=\"_fadeIn_m1hgl_8\">bolsos, <\/span><span class=\"_fadeIn_m1hgl_8\">pa\u00f1uelos, <\/span><span class=\"_fadeIn_m1hgl_8\">cinturones <\/span><span class=\"_fadeIn_m1hgl_8\">y <\/span><span class=\"_fadeIn_m1hgl_8\">m\u00e1s. <\/span><span class=\"_fadeIn_m1hgl_8\">Detalles <\/span><span class=\"_fadeIn_m1hgl_8\">que <\/span><span class=\"_fadeIn_m1hgl_8\">elevan <\/span><span class=\"_fadeIn_m1hgl_8\">cualquier <\/span><span class=\"_fadeIn_m1hgl_8\">look.<\/span><\/p>\t\t\t\t\t\t\t\t<\/div>\n\t\t\t\t<\/div>\n\t\t\t\t<div class=\"elementor-element elementor-element-d16edc6 elementor-align-center animated-slow elementor-invisible elementor-widget elementor-widget-button\" data-id=\"d16edc6\" data-element_type=\"widget\" data-e-type=\"widget\" data-settings=\"{&quot;_animation&quot;:&quot;fadeIn&quot;}\" data-widget_type=\"button.default\">\n\t\t\t\t<div class=\"elementor-widget-container\">\n\t\t\t\t\t\t\t\t\t<div class=\"elementor-button-wrapper\">\n\t\t\t\t\t<a class=\"elementor-button elementor-button-link elementor-size-sm\" href=\"https:\/\/goorsanmoda.com\/eu\/contacto\/\">\n\t\t\t\t\t\t<span class=\"elementor-button-content-wrapper\">\n\t\t\t\t\t\t\t\t\t<span class=\"elementor-button-text\">M\u00e1s info<\/span>\n\t\t\t\t\t<\/span>\n\t\t\t\t\t<\/a>\n\t\t\t\t<\/div>\n\t\t\t\t\t\t\t\t<\/div>\n\t\t\t\t<\/div>\n\t\t\t\t<\/div>\n\t\t\t\t\t<\/div>\n\t\t\t\t<\/div>\n\t\t<div class=\"elementor-element elementor-element-cc2d401 e-flex e-con-boxed e-con e-parent\" data-id=\"cc2d401\" data-element_type=\"container\" data-e-type=\"container\" data-settings=\"{&quot;background_background&quot;:&quot;classic&quot;}\">\n\t\t\t\t\t<div class=\"e-con-inner\">\n\t\t<div class=\"elementor-element elementor-element-3691f81 e-con-full e-flex e-con e-child\" data-id=\"3691f81\" data-element_type=\"container\" data-e-type=\"container\" data-settings=\"{&quot;background_background&quot;:&quot;classic&quot;}\">\n\t\t\t\t<div class=\"elementor-element elementor-element-3331179 elementor-invisible elementor-widget elementor-widget-heading\" data-id=\"3331179\" data-element_type=\"widget\" data-e-type=\"widget\" data-settings=\"{&quot;_animation&quot;:&quot;fadeIn&quot;}\" data-widget_type=\"heading.default\">\n\t\t\t\t<div class=\"elementor-widget-container\">\n\t\t\t\t\t<h2 class=\"elementor-heading-title elementor-size-default\">Descubre tu estilo\u2026 y cu\u00e9ntanos en qu\u00e9 podemos ayudarte.<\/h2>\t\t\t\t<\/div>\n\t\t\t\t<\/div>\n\t\t\t\t<div class=\"elementor-element elementor-element-dc4d81b elementor-align-center animated-slow elementor-invisible elementor-widget elementor-widget-button\" data-id=\"dc4d81b\" data-element_type=\"widget\" data-e-type=\"widget\" data-settings=\"{&quot;_animation&quot;:&quot;fadeInUp&quot;}\" data-widget_type=\"button.default\">\n\t\t\t\t<div class=\"elementor-widget-container\">\n\t\t\t\t\t\t\t\t\t<div class=\"elementor-button-wrapper\">\n\t\t\t\t\t<a class=\"elementor-button elementor-button-link elementor-size-sm\" href=\"https:\/\/goorsanmoda.com\/eu\/contacto\/\">\n\t\t\t\t\t\t<span class=\"elementor-button-content-wrapper\">\n\t\t\t\t\t\t\t\t\t<span class=\"elementor-button-text\">Cont\u00e1ctanos<\/span>\n\t\t\t\t\t<\/span>\n\t\t\t\t\t<\/a>\n\t\t\t\t<\/div>\n\t\t\t\t\t\t\t\t<\/div>\n\t\t\t\t<\/div>\n\t\t\t\t<\/div>\n\t\t\t\t\t<\/div>\n\t\t\t\t<\/div>\n\t\t\t\t<\/div>","protected":false},"excerpt":{"rendered":"<p>Te ayudamos a elegir lo que mejor va contigo. Moda femenina Ropa actual, vers\u00e1til y con estilo. Encuentra prendas que se adaptan a ti y a cada momento de tu d\u00eda. M\u00e1s info Complementos Elige entre una cuidada selecci\u00f3n de bolsos, pa\u00f1uelos, cinturones y m\u00e1s. Detalles que elevan cualquier look. M\u00e1s info Descubre tu estilo\u2026 [&hellip;]<\/p>\n","protected":false},"author":1,"featured_media":0,"parent":0,"menu_order":0,"comment_status":"closed","ping_status":"closed","template":"elementor_canvas","meta":{"footnotes":""},"class_list":["post-13","page","type-page","status-publish","hentry"],"yoast_head":"<!-- This site is optimized with the Yoast SEO plugin v27.4 - https:\/\/yoast.com\/product\/yoast-seo-wordpress\/ -->\n<title>Servicio - GOORSAN<\/title>\n<meta name=\"robots\" content=\"index, follow, max-snippet:-1, max-image-preview:large, max-video-preview:-1\" \/>\n<link rel=\"canonical\" href=\"https:\/\/goorsanmoda.com\/eu\/servicios\/\" \/>\n<meta property=\"og:locale\" content=\"en_US\" \/>\n<meta property=\"og:type\" content=\"article\" \/>\n<meta property=\"og:title\" content=\"Servicio - GOORSAN\" \/>\n<meta property=\"og:description\" content=\"Te ayudamos a elegir lo que mejor va contigo. Moda femenina Ropa actual, vers\u00e1til y con estilo. Encuentra prendas que se adaptan a ti y a cada momento de tu d\u00eda. M\u00e1s info Complementos Elige entre una cuidada selecci\u00f3n de bolsos, pa\u00f1uelos, cinturones y m\u00e1s. Detalles que elevan cualquier look. M\u00e1s info Descubre tu estilo\u2026 [&hellip;]\" \/>\n<meta property=\"og:url\" content=\"https:\/\/goorsanmoda.com\/eu\/servicios\/\" \/>\n<meta property=\"og:site_name\" content=\"GOORSAN\" \/>\n<meta property=\"article:modified_time\" content=\"2025-05-19T09:04:56+00:00\" \/>\n<meta property=\"og:image\" content=\"https:\/\/goorsanmoda.com\/wp-content\/uploads\/2025\/05\/Anadir-un-titulo-2025-05-19T095525.992-1-e1747641768911.png\" \/>\n\t<meta property=\"og:image:width\" content=\"537\" \/>\n\t<meta property=\"og:image:height\" content=\"695\" \/>\n\t<meta property=\"og:image:type\" content=\"image\/png\" \/>\n<meta name=\"twitter:card\" content=\"summary_large_image\" \/>\n<meta name=\"twitter:label1\" content=\"Est. reading time\" \/>\n\t<meta name=\"twitter:data1\" content=\"1 minutua\" \/>\n<script type=\"application\/ld+json\" class=\"yoast-schema-graph\">{\"@context\":\"https:\\\/\\\/schema.org\",\"@graph\":[{\"@type\":\"WebPage\",\"@id\":\"https:\\\/\\\/goorsanmoda.com\\\/servicios\\\/\",\"url\":\"https:\\\/\\\/goorsanmoda.com\\\/servicios\\\/\",\"name\":\"Servicio - GOORSAN\",\"isPartOf\":{\"@id\":\"https:\\\/\\\/goorsanmoda.com\\\/#website\"},\"primaryImageOfPage\":{\"@id\":\"https:\\\/\\\/goorsanmoda.com\\\/servicios\\\/#primaryimage\"},\"image\":{\"@id\":\"https:\\\/\\\/goorsanmoda.com\\\/servicios\\\/#primaryimage\"},\"thumbnailUrl\":\"https:\\\/\\\/goorsanmoda.com\\\/wp-content\\\/uploads\\\/2025\\\/05\\\/Anadir-un-titulo-2025-05-19T095525.992-1-e1747641768911.png\",\"datePublished\":\"2025-05-16T13:51:06+00:00\",\"dateModified\":\"2025-05-19T09:04:56+00:00\",\"breadcrumb\":{\"@id\":\"https:\\\/\\\/goorsanmoda.com\\\/servicios\\\/#breadcrumb\"},\"inLanguage\":\"eu\",\"potentialAction\":[{\"@type\":\"ReadAction\",\"target\":[\"https:\\\/\\\/goorsanmoda.com\\\/servicios\\\/\"]}]},{\"@type\":\"ImageObject\",\"inLanguage\":\"eu\",\"@id\":\"https:\\\/\\\/goorsanmoda.com\\\/servicios\\\/#primaryimage\",\"url\":\"https:\\\/\\\/goorsanmoda.com\\\/wp-content\\\/uploads\\\/2025\\\/05\\\/Anadir-un-titulo-2025-05-19T095525.992-1-e1747641768911.png\",\"contentUrl\":\"https:\\\/\\\/goorsanmoda.com\\\/wp-content\\\/uploads\\\/2025\\\/05\\\/Anadir-un-titulo-2025-05-19T095525.992-1-e1747641768911.png\"},{\"@type\":\"BreadcrumbList\",\"@id\":\"https:\\\/\\\/goorsanmoda.com\\\/servicios\\\/#breadcrumb\",\"itemListElement\":[{\"@type\":\"ListItem\",\"position\":1,\"name\":\"Portada\",\"item\":\"https:\\\/\\\/goorsanmoda.com\\\/\"},{\"@type\":\"ListItem\",\"position\":2,\"name\":\"Servicio\"}]},{\"@type\":\"WebSite\",\"@id\":\"https:\\\/\\\/goorsanmoda.com\\\/#website\",\"url\":\"https:\\\/\\\/goorsanmoda.com\\\/\",\"name\":\"GOORSAN\",\"description\":\"Un comercio acogedor y atractivo decorado para y por mujeres. Comercio de moda femenina donde se podr\u00e1 encontrar lo \u00faltimo en moda, con el mejor asesoramiento.\",\"publisher\":{\"@id\":\"https:\\\/\\\/goorsanmoda.com\\\/#organization\"},\"potentialAction\":[{\"@type\":\"SearchAction\",\"target\":{\"@type\":\"EntryPoint\",\"urlTemplate\":\"https:\\\/\\\/goorsanmoda.com\\\/?s={search_term_string}\"},\"query-input\":{\"@type\":\"PropertyValueSpecification\",\"valueRequired\":true,\"valueName\":\"search_term_string\"}}],\"inLanguage\":\"eu\"},{\"@type\":\"Organization\",\"@id\":\"https:\\\/\\\/goorsanmoda.com\\\/#organization\",\"name\":\"GOORSAN\",\"url\":\"https:\\\/\\\/goorsanmoda.com\\\/\",\"logo\":{\"@type\":\"ImageObject\",\"inLanguage\":\"eu\",\"@id\":\"https:\\\/\\\/goorsanmoda.com\\\/#\\\/schema\\\/logo\\\/image\\\/\",\"url\":\"https:\\\/\\\/goorsanmoda.com\\\/wp-content\\\/uploads\\\/2025\\\/05\\\/cropped-FB_IMG_1746718086866-Goorsan.jpg\",\"contentUrl\":\"https:\\\/\\\/goorsanmoda.com\\\/wp-content\\\/uploads\\\/2025\\\/05\\\/cropped-FB_IMG_1746718086866-Goorsan.jpg\",\"width\":685,\"height\":196,\"caption\":\"GOORSAN\"},\"image\":{\"@id\":\"https:\\\/\\\/goorsanmoda.com\\\/#\\\/schema\\\/logo\\\/image\\\/\"}}]}<\/script>\n<!-- \/ Yoast SEO plugin. -->","yoast_head_json":{"title":"Servicio - GOORSAN","robots":{"index":"index","follow":"follow","max-snippet":"max-snippet:-1","max-image-preview":"max-image-preview:large","max-video-preview":"max-video-preview:-1"},"canonical":"https:\/\/goorsanmoda.com\/eu\/servicios\/","og_locale":"en_US","og_type":"article","og_title":"Servicio - GOORSAN","og_description":"Te ayudamos a elegir lo que mejor va contigo. Moda femenina Ropa actual, vers\u00e1til y con estilo. Encuentra prendas que se adaptan a ti y a cada momento de tu d\u00eda. M\u00e1s info Complementos Elige entre una cuidada selecci\u00f3n de bolsos, pa\u00f1uelos, cinturones y m\u00e1s. Detalles que elevan cualquier look. M\u00e1s info Descubre tu estilo\u2026 [&hellip;]","og_url":"https:\/\/goorsanmoda.com\/eu\/servicios\/","og_site_name":"GOORSAN","article_modified_time":"2025-05-19T09:04:56+00:00","og_image":[{"width":537,"height":695,"url":"https:\/\/goorsanmoda.com\/wp-content\/uploads\/2025\/05\/Anadir-un-titulo-2025-05-19T095525.992-1-e1747641768911.png","type":"image\/png"}],"twitter_card":"summary_large_image","twitter_misc":{"Est. reading time":"1 minutua"},"schema":{"@context":"https:\/\/schema.org","@graph":[{"@type":"WebPage","@id":"https:\/\/goorsanmoda.com\/servicios\/","url":"https:\/\/goorsanmoda.com\/servicios\/","name":"Servicio - GOORSAN","isPartOf":{"@id":"https:\/\/goorsanmoda.com\/#website"},"primaryImageOfPage":{"@id":"https:\/\/goorsanmoda.com\/servicios\/#primaryimage"},"image":{"@id":"https:\/\/goorsanmoda.com\/servicios\/#primaryimage"},"thumbnailUrl":"https:\/\/goorsanmoda.com\/wp-content\/uploads\/2025\/05\/Anadir-un-titulo-2025-05-19T095525.992-1-e1747641768911.png","datePublished":"2025-05-16T13:51:06+00:00","dateModified":"2025-05-19T09:04:56+00:00","breadcrumb":{"@id":"https:\/\/goorsanmoda.com\/servicios\/#breadcrumb"},"inLanguage":"eu","potentialAction":[{"@type":"ReadAction","target":["https:\/\/goorsanmoda.com\/servicios\/"]}]},{"@type":"ImageObject","inLanguage":"eu","@id":"https:\/\/goorsanmoda.com\/servicios\/#primaryimage","url":"https:\/\/goorsanmoda.com\/wp-content\/uploads\/2025\/05\/Anadir-un-titulo-2025-05-19T095525.992-1-e1747641768911.png","contentUrl":"https:\/\/goorsanmoda.com\/wp-content\/uploads\/2025\/05\/Anadir-un-titulo-2025-05-19T095525.992-1-e1747641768911.png"},{"@type":"BreadcrumbList","@id":"https:\/\/goorsanmoda.com\/servicios\/#breadcrumb","itemListElement":[{"@type":"ListItem","position":1,"name":"Portada","item":"https:\/\/goorsanmoda.com\/"},{"@type":"ListItem","position":2,"name":"Servicio"}]},{"@type":"WebSite","@id":"https:\/\/goorsanmoda.com\/#website","url":"https:\/\/goorsanmoda.com\/","name":"GOORSAN","description":"Un comercio acogedor y atractivo decorado para y por mujeres. Comercio de moda femenina donde se podr\u00e1 encontrar lo \u00faltimo en moda, con el mejor asesoramiento.","publisher":{"@id":"https:\/\/goorsanmoda.com\/#organization"},"potentialAction":[{"@type":"SearchAction","target":{"@type":"EntryPoint","urlTemplate":"https:\/\/goorsanmoda.com\/?s={search_term_string}"},"query-input":{"@type":"PropertyValueSpecification","valueRequired":true,"valueName":"search_term_string"}}],"inLanguage":"eu"},{"@type":"Organization","@id":"https:\/\/goorsanmoda.com\/#organization","name":"GOORSAN","url":"https:\/\/goorsanmoda.com\/","logo":{"@type":"ImageObject","inLanguage":"eu","@id":"https:\/\/goorsanmoda.com\/#\/schema\/logo\/image\/","url":"https:\/\/goorsanmoda.com\/wp-content\/uploads\/2025\/05\/cropped-FB_IMG_1746718086866-Goorsan.jpg","contentUrl":"https:\/\/goorsanmoda.com\/wp-content\/uploads\/2025\/05\/cropped-FB_IMG_1746718086866-Goorsan.jpg","width":685,"height":196,"caption":"GOORSAN"},"image":{"@id":"https:\/\/goorsanmoda.com\/#\/schema\/logo\/image\/"}}]}},"_links":{"self":[{"href":"https:\/\/goorsanmoda.com\/eu\/wp-json\/wp\/v2\/pages\/13","targetHints":{"allow":["GET"]}}],"collection":[{"href":"https:\/\/goorsanmoda.com\/eu\/wp-json\/wp\/v2\/pages"}],"about":[{"href":"https:\/\/goorsanmoda.com\/eu\/wp-json\/wp\/v2\/types\/page"}],"author":[{"embeddable":true,"href":"https:\/\/goorsanmoda.com\/eu\/wp-json\/wp\/v2\/users\/1"}],"replies":[{"embeddable":true,"href":"https:\/\/goorsanmoda.com\/eu\/wp-json\/wp\/v2\/comments?post=13"}],"version-history":[{"count":85,"href":"https:\/\/goorsanmoda.com\/eu\/wp-json\/wp\/v2\/pages\/13\/revisions"}],"predecessor-version":[{"id":342,"href":"https:\/\/goorsanmoda.com\/eu\/wp-json\/wp\/v2\/pages\/13\/revisions\/342"}],"wp:attachment":[{"href":"https:\/\/goorsanmoda.com\/eu\/wp-json\/wp\/v2\/media?parent=13"}],"curies":[{"name":"wp","href":"https:\/\/api.w.org\/{rel}","templated":true}]}}