{"id":2,"date":"2025-05-16T10:28:27","date_gmt":"2025-05-16T10:28:27","guid":{"rendered":"https:\/\/goorsanmoda.rkinformatika.online\/?page_id=2"},"modified":"2025-05-27T11:48:35","modified_gmt":"2025-05-27T11:48:35","slug":"inicio","status":"publish","type":"page","link":"https:\/\/goorsanmoda.com\/eu\/","title":{"rendered":"Hasiera"},"content":{"rendered":"<div data-elementor-type=\"wp-page\" data-elementor-id=\"2\" class=\"elementor elementor-2\" data-elementor-post-type=\"page\">\n\t\t\t\t<div class=\"elementor-element elementor-element-ef25ce7 e-con-full e-flex e-con e-parent\" data-id=\"ef25ce7\" data-element_type=\"container\" data-e-type=\"container\" data-settings=\"{&quot;background_background&quot;:&quot;classic&quot;}\">\n\t\t<div class=\"elementor-element elementor-element-8d901a5 e-con-full e-flex e-con e-child\" data-id=\"8d901a5\" data-element_type=\"container\" data-e-type=\"container\" data-settings=\"{&quot;background_background&quot;:&quot;classic&quot;}\">\n\t\t\t\t<div class=\"elementor-element elementor-element-06e2e8c elementor-invisible elementor-widget elementor-widget-heading\" data-id=\"06e2e8c\" data-element_type=\"widget\" data-e-type=\"widget\" data-settings=\"{&quot;_animation&quot;:&quot;fadeIn&quot;}\" data-widget_type=\"heading.default\">\n\t\t\t\t<div class=\"elementor-widget-container\">\n\t\t\t\t\t<h2 class=\"elementor-heading-title elementor-size-default\">Ongi etorri GOORSAN<\/h2>\t\t\t\t<\/div>\n\t\t\t\t<\/div>\n\t\t\t\t<div class=\"elementor-element elementor-element-200dfd5 animated-slow elementor-invisible elementor-widget elementor-widget-heading\" data-id=\"200dfd5\" data-element_type=\"widget\" data-e-type=\"widget\" data-settings=\"{&quot;_animation&quot;:&quot;fadeIn&quot;}\" data-widget_type=\"heading.default\">\n\t\t\t\t<div class=\"elementor-widget-container\">\n\t\t\t\t\t<h2 class=\"elementor-heading-title elementor-size-default\">Zaren bezalakoa ikusi, nahi duzun bezala eseri.<\/h2>\t\t\t\t<\/div>\n\t\t\t\t<\/div>\n\t\t\t\t<\/div>\n\t\t\t\t<\/div>\n\t\t<div class=\"elementor-element elementor-element-3fc8980 e-flex e-con-boxed e-con e-parent\" data-id=\"3fc8980\" data-element_type=\"container\" data-e-type=\"container\" data-settings=\"{&quot;background_background&quot;:&quot;classic&quot;}\">\n\t\t\t\t\t<div class=\"e-con-inner\">\n\t\t<div class=\"elementor-element elementor-element-855e786 e-con-full e-flex elementor-invisible e-con e-child\" data-id=\"855e786\" data-element_type=\"container\" data-e-type=\"container\" data-settings=\"{&quot;background_background&quot;:&quot;classic&quot;,&quot;animation&quot;:&quot;fadeIn&quot;}\">\n\t\t\t\t<div class=\"elementor-element elementor-element-7192e0e elementor-widget elementor-widget-image-carousel\" data-id=\"7192e0e\" data-element_type=\"widget\" data-e-type=\"widget\" data-settings=\"{&quot;slides_to_show&quot;:&quot;1&quot;,&quot;navigation&quot;:&quot;none&quot;,&quot;autoplay&quot;:&quot;yes&quot;,&quot;pause_on_hover&quot;:&quot;yes&quot;,&quot;pause_on_interaction&quot;:&quot;yes&quot;,&quot;autoplay_speed&quot;:5000,&quot;infinite&quot;:&quot;yes&quot;,&quot;effect&quot;:&quot;slide&quot;,&quot;speed&quot;:500}\" data-widget_type=\"image-carousel.default\">\n\t\t\t\t<div class=\"elementor-widget-container\">\n\t\t\t\t\t\t\t<div class=\"elementor-image-carousel-wrapper swiper\" role=\"region\" aria-roledescription=\"carousel\" aria-label=\"Carrusel de im\u00e1genes\" dir=\"ltr\">\n\t\t\t<div class=\"elementor-image-carousel swiper-wrapper\" aria-live=\"off\">\n\t\t\t\t\t\t\t\t<div class=\"swiper-slide\" role=\"group\" aria-roledescription=\"slide\" aria-label=\"1 de 2\"><figure class=\"swiper-slide-inner\"><img decoding=\"async\" class=\"swiper-slide-image\" src=\"https:\/\/goorsanmoda.com\/wp-content\/uploads\/2025\/05\/FB_IMG_1747063083200-Goorsan-e1747410683404.jpg\" alt=\"FB_IMG_1747063083200 - Goorsan\" \/><\/figure><\/div><div class=\"swiper-slide\" role=\"group\" aria-roledescription=\"slide\" aria-label=\"2 de 2\"><figure class=\"swiper-slide-inner\"><img decoding=\"async\" class=\"swiper-slide-image\" src=\"https:\/\/goorsanmoda.com\/wp-content\/uploads\/2025\/05\/WhatsApp-Image-2025-05-26-at-17.16.47.jpeg\" alt=\"WhatsApp Image 2025-05-26 at 17.16.47\" \/><\/figure><\/div>\t\t\t<\/div>\n\t\t\t\t\t\t\t\n\t\t\t\t\t\t\t\t\t<\/div>\n\t\t\t\t\t\t<\/div>\n\t\t\t\t<\/div>\n\t\t\t\t<\/div>\n\t\t<div class=\"elementor-element elementor-element-9a44179 e-con-full e-flex e-con e-child\" data-id=\"9a44179\" data-element_type=\"container\" data-e-type=\"container\">\n\t\t\t\t<div class=\"elementor-element elementor-element-3a5e208 elementor-invisible elementor-widget elementor-widget-heading\" data-id=\"3a5e208\" data-element_type=\"widget\" data-e-type=\"widget\" data-settings=\"{&quot;_animation&quot;:&quot;fadeInDown&quot;}\" data-widget_type=\"heading.default\">\n\t\t\t\t<div class=\"elementor-widget-container\">\n\t\t\t\t\t<h2 class=\"elementor-heading-title elementor-size-default\">Nuestra  historia<\/h2>\t\t\t\t<\/div>\n\t\t\t\t<\/div>\n\t\t\t\t<div class=\"elementor-element elementor-element-4c0eafd elementor-invisible elementor-widget elementor-widget-image\" data-id=\"4c0eafd\" data-element_type=\"widget\" data-e-type=\"widget\" data-settings=\"{&quot;_animation&quot;:&quot;fadeInDown&quot;}\" data-widget_type=\"image.default\">\n\t\t\t\t<div class=\"elementor-widget-container\">\n\t\t\t\t\t\t\t\t\t\t\t\t\t\t\t<img decoding=\"async\" width=\"185\" height=\"14\" src=\"https:\/\/goorsanmoda.com\/wp-content\/uploads\/2025\/05\/ornament3.png\" class=\"attachment-large size-large wp-image-120\" alt=\"\" srcset=\"https:\/\/goorsanmoda.com\/wp-content\/uploads\/2025\/05\/ornament3.png 185w, https:\/\/goorsanmoda.com\/wp-content\/uploads\/2025\/05\/ornament3-18x1.png 18w\" sizes=\"(max-width: 185px) 100vw, 185px\" \/>\t\t\t\t\t\t\t\t\t\t\t\t\t\t\t<\/div>\n\t\t\t\t<\/div>\n\t\t\t\t<div class=\"elementor-element elementor-element-f1b815a elementor-widget elementor-widget-text-editor\" data-id=\"f1b815a\" data-element_type=\"widget\" data-e-type=\"widget\" data-widget_type=\"text-editor.default\">\n\t\t\t\t<div class=\"elementor-widget-container\">\n\t\t\t\t\t\t\t\t\t<p>Goorsan emakumeek eta emakumeentzat sortutako gunea da. Saltoki atsegina, non emakumeen modak estiloz, aholkularitza pertsonalizatuz eta azken joerekin hartzen duen bizitza. Txoko bakoitza ondo sentiarazteko eta definitzen zaituen jantzi edo osagarri hori aurkitzen laguntzeko pentsatuta dago. Hemen, ondo janztea ondo sentitzea da.<\/p>\t\t\t\t\t\t\t\t<\/div>\n\t\t\t\t<\/div>\n\t\t\t\t<\/div>\n\t\t\t\t\t<\/div>\n\t\t\t\t<\/div>\n\t\t<div class=\"elementor-element elementor-element-2a40404 e-flex e-con-boxed e-con e-parent\" data-id=\"2a40404\" data-element_type=\"container\" data-e-type=\"container\" data-settings=\"{&quot;background_background&quot;:&quot;classic&quot;}\">\n\t\t\t\t\t<div class=\"e-con-inner\">\n\t\t<div class=\"elementor-element elementor-element-9252ce3 e-con-full e-flex e-con e-child\" data-id=\"9252ce3\" data-element_type=\"container\" data-e-type=\"container\" data-settings=\"{&quot;background_background&quot;:&quot;classic&quot;}\">\n\t\t\t\t<div class=\"elementor-element elementor-element-34bcb11 elementor-invisible elementor-widget elementor-widget-heading\" data-id=\"34bcb11\" data-element_type=\"widget\" data-e-type=\"widget\" data-settings=\"{&quot;_animation&quot;:&quot;fadeIn&quot;}\" data-widget_type=\"heading.default\">\n\t\t\t\t<div class=\"elementor-widget-container\">\n\t\t\t\t\t<h2 class=\"elementor-heading-title elementor-size-default\">Ezagutu zure estiloa, sentitu bakarra, utzi zaintzen.<\/h2>\t\t\t\t<\/div>\n\t\t\t\t<\/div>\n\t\t\t\t<div class=\"elementor-element elementor-element-fc2b4cb elementor-align-center animated-slow elementor-invisible elementor-widget elementor-widget-button\" data-id=\"fc2b4cb\" data-element_type=\"widget\" data-e-type=\"widget\" data-settings=\"{&quot;_animation&quot;:&quot;fadeInUp&quot;}\" data-widget_type=\"button.default\">\n\t\t\t\t<div class=\"elementor-widget-container\">\n\t\t\t\t\t\t\t\t\t<div class=\"elementor-button-wrapper\">\n\t\t\t\t\t<a class=\"elementor-button elementor-button-link elementor-size-sm\" href=\"https:\/\/goorsanmoda.com\/eu\/servicios\/\">\n\t\t\t\t\t\t<span class=\"elementor-button-content-wrapper\">\n\t\t\t\t\t\t\t\t\t<span class=\"elementor-button-text\">Ikusi zerbitzuak<\/span>\n\t\t\t\t\t<\/span>\n\t\t\t\t\t<\/a>\n\t\t\t\t<\/div>\n\t\t\t\t\t\t\t\t<\/div>\n\t\t\t\t<\/div>\n\t\t\t\t<\/div>\n\t\t\t\t\t<\/div>\n\t\t\t\t<\/div>\n\t\t\t\t<\/div>","protected":false},"excerpt":{"rendered":"<p>Bienvenido a GOORSAN Viste como eres, si\u00e9ntete como quieres. Nuestra historia Goorsan es un espacio creado por y para mujeres. Un comercio acogedor donde la moda femenina cobra vida con estilo, asesoramiento personalizado y las \u00faltimas tendencias. Cada rinc\u00f3n est\u00e1 pensado para hacerte sentir bien y ayudarte a encontrar esa prenda o complemento que te [&hellip;]<\/p>\n","protected":false},"author":1,"featured_media":0,"parent":0,"menu_order":0,"comment_status":"closed","ping_status":"closed","template":"elementor_canvas","meta":{"footnotes":""},"class_list":["post-2","page","type-page","status-publish","hentry"],"yoast_head":"<!-- This site is optimized with the Yoast SEO plugin v27.4 - https:\/\/yoast.com\/product\/yoast-seo-wordpress\/ -->\n<title>Inicio - GOORSAN<\/title>\n<meta name=\"robots\" content=\"index, follow, max-snippet:-1, max-image-preview:large, max-video-preview:-1\" \/>\n<link rel=\"canonical\" href=\"https:\/\/goorsanmoda.com\/eu\/\" \/>\n<meta property=\"og:locale\" content=\"en_US\" \/>\n<meta property=\"og:type\" content=\"article\" \/>\n<meta property=\"og:title\" content=\"Inicio - GOORSAN\" \/>\n<meta property=\"og:description\" content=\"Bienvenido a GOORSAN Viste como eres, si\u00e9ntete como quieres. Nuestra historia Goorsan es un espacio creado por y para mujeres. Un comercio acogedor donde la moda femenina cobra vida con estilo, asesoramiento personalizado y las \u00faltimas tendencias. Cada rinc\u00f3n est\u00e1 pensado para hacerte sentir bien y ayudarte a encontrar esa prenda o complemento que te [&hellip;]\" \/>\n<meta property=\"og:url\" content=\"https:\/\/goorsanmoda.com\/eu\/\" \/>\n<meta property=\"og:site_name\" content=\"GOORSAN\" \/>\n<meta property=\"article:modified_time\" content=\"2025-05-27T11:48:35+00:00\" \/>\n<meta property=\"og:image\" content=\"https:\/\/goorsanmoda.com\/wp-content\/uploads\/2025\/05\/FB_IMG_1747063083200-Goorsan-e1747410683404.jpg\" \/>\n<meta name=\"twitter:card\" content=\"summary_large_image\" \/>\n<meta name=\"twitter:label1\" content=\"Est. reading time\" \/>\n\t<meta name=\"twitter:data1\" content=\"2 minutua\" \/>\n<script type=\"application\/ld+json\" class=\"yoast-schema-graph\">{\"@context\":\"https:\\\/\\\/schema.org\",\"@graph\":[{\"@type\":\"WebPage\",\"@id\":\"https:\\\/\\\/goorsanmoda.com\\\/\",\"url\":\"https:\\\/\\\/goorsanmoda.com\\\/\",\"name\":\"Inicio - GOORSAN\",\"isPartOf\":{\"@id\":\"https:\\\/\\\/goorsanmoda.com\\\/#website\"},\"primaryImageOfPage\":{\"@id\":\"https:\\\/\\\/goorsanmoda.com\\\/#primaryimage\"},\"image\":{\"@id\":\"https:\\\/\\\/goorsanmoda.com\\\/#primaryimage\"},\"thumbnailUrl\":\"https:\\\/\\\/goorsanmoda.com\\\/wp-content\\\/uploads\\\/2025\\\/05\\\/FB_IMG_1747063083200-Goorsan-e1747410683404.jpg\",\"datePublished\":\"2025-05-16T10:28:27+00:00\",\"dateModified\":\"2025-05-27T11:48:35+00:00\",\"breadcrumb\":{\"@id\":\"https:\\\/\\\/goorsanmoda.com\\\/#breadcrumb\"},\"inLanguage\":\"eu\",\"potentialAction\":[{\"@type\":\"ReadAction\",\"target\":[\"https:\\\/\\\/goorsanmoda.com\\\/\"]}]},{\"@type\":\"ImageObject\",\"inLanguage\":\"eu\",\"@id\":\"https:\\\/\\\/goorsanmoda.com\\\/#primaryimage\",\"url\":\"https:\\\/\\\/goorsanmoda.com\\\/wp-content\\\/uploads\\\/2025\\\/05\\\/FB_IMG_1747063083200-Goorsan-e1747410683404.jpg\",\"contentUrl\":\"https:\\\/\\\/goorsanmoda.com\\\/wp-content\\\/uploads\\\/2025\\\/05\\\/FB_IMG_1747063083200-Goorsan-e1747410683404.jpg\"},{\"@type\":\"BreadcrumbList\",\"@id\":\"https:\\\/\\\/goorsanmoda.com\\\/#breadcrumb\",\"itemListElement\":[{\"@type\":\"ListItem\",\"position\":1,\"name\":\"Portada\",\"item\":\"https:\\\/\\\/goorsanmoda.com\\\/\"},{\"@type\":\"ListItem\",\"position\":2,\"name\":\"Inicio\"}]},{\"@type\":\"WebSite\",\"@id\":\"https:\\\/\\\/goorsanmoda.com\\\/#website\",\"url\":\"https:\\\/\\\/goorsanmoda.com\\\/\",\"name\":\"GOORSAN\",\"description\":\"Un comercio acogedor y atractivo decorado para y por mujeres. Comercio de moda femenina donde se podr\u00e1 encontrar lo \u00faltimo en moda, con el mejor asesoramiento.\",\"publisher\":{\"@id\":\"https:\\\/\\\/goorsanmoda.com\\\/#organization\"},\"potentialAction\":[{\"@type\":\"SearchAction\",\"target\":{\"@type\":\"EntryPoint\",\"urlTemplate\":\"https:\\\/\\\/goorsanmoda.com\\\/?s={search_term_string}\"},\"query-input\":{\"@type\":\"PropertyValueSpecification\",\"valueRequired\":true,\"valueName\":\"search_term_string\"}}],\"inLanguage\":\"eu\"},{\"@type\":\"Organization\",\"@id\":\"https:\\\/\\\/goorsanmoda.com\\\/#organization\",\"name\":\"GOORSAN\",\"url\":\"https:\\\/\\\/goorsanmoda.com\\\/\",\"logo\":{\"@type\":\"ImageObject\",\"inLanguage\":\"eu\",\"@id\":\"https:\\\/\\\/goorsanmoda.com\\\/#\\\/schema\\\/logo\\\/image\\\/\",\"url\":\"https:\\\/\\\/goorsanmoda.com\\\/wp-content\\\/uploads\\\/2025\\\/05\\\/cropped-FB_IMG_1746718086866-Goorsan.jpg\",\"contentUrl\":\"https:\\\/\\\/goorsanmoda.com\\\/wp-content\\\/uploads\\\/2025\\\/05\\\/cropped-FB_IMG_1746718086866-Goorsan.jpg\",\"width\":685,\"height\":196,\"caption\":\"GOORSAN\"},\"image\":{\"@id\":\"https:\\\/\\\/goorsanmoda.com\\\/#\\\/schema\\\/logo\\\/image\\\/\"}}]}<\/script>\n<!-- \/ Yoast SEO plugin. -->","yoast_head_json":{"title":"Inicio - GOORSAN","robots":{"index":"index","follow":"follow","max-snippet":"max-snippet:-1","max-image-preview":"max-image-preview:large","max-video-preview":"max-video-preview:-1"},"canonical":"https:\/\/goorsanmoda.com\/eu\/","og_locale":"en_US","og_type":"article","og_title":"Inicio - GOORSAN","og_description":"Bienvenido a GOORSAN Viste como eres, si\u00e9ntete como quieres. Nuestra historia Goorsan es un espacio creado por y para mujeres. Un comercio acogedor donde la moda femenina cobra vida con estilo, asesoramiento personalizado y las \u00faltimas tendencias. Cada rinc\u00f3n est\u00e1 pensado para hacerte sentir bien y ayudarte a encontrar esa prenda o complemento que te [&hellip;]","og_url":"https:\/\/goorsanmoda.com\/eu\/","og_site_name":"GOORSAN","article_modified_time":"2025-05-27T11:48:35+00:00","og_image":[{"url":"https:\/\/goorsanmoda.com\/wp-content\/uploads\/2025\/05\/FB_IMG_1747063083200-Goorsan-e1747410683404.jpg","type":"","width":"","height":""}],"twitter_card":"summary_large_image","twitter_misc":{"Est. reading time":"2 minutua"},"schema":{"@context":"https:\/\/schema.org","@graph":[{"@type":"WebPage","@id":"https:\/\/goorsanmoda.com\/","url":"https:\/\/goorsanmoda.com\/","name":"Inicio - GOORSAN","isPartOf":{"@id":"https:\/\/goorsanmoda.com\/#website"},"primaryImageOfPage":{"@id":"https:\/\/goorsanmoda.com\/#primaryimage"},"image":{"@id":"https:\/\/goorsanmoda.com\/#primaryimage"},"thumbnailUrl":"https:\/\/goorsanmoda.com\/wp-content\/uploads\/2025\/05\/FB_IMG_1747063083200-Goorsan-e1747410683404.jpg","datePublished":"2025-05-16T10:28:27+00:00","dateModified":"2025-05-27T11:48:35+00:00","breadcrumb":{"@id":"https:\/\/goorsanmoda.com\/#breadcrumb"},"inLanguage":"eu","potentialAction":[{"@type":"ReadAction","target":["https:\/\/goorsanmoda.com\/"]}]},{"@type":"ImageObject","inLanguage":"eu","@id":"https:\/\/goorsanmoda.com\/#primaryimage","url":"https:\/\/goorsanmoda.com\/wp-content\/uploads\/2025\/05\/FB_IMG_1747063083200-Goorsan-e1747410683404.jpg","contentUrl":"https:\/\/goorsanmoda.com\/wp-content\/uploads\/2025\/05\/FB_IMG_1747063083200-Goorsan-e1747410683404.jpg"},{"@type":"BreadcrumbList","@id":"https:\/\/goorsanmoda.com\/#breadcrumb","itemListElement":[{"@type":"ListItem","position":1,"name":"Portada","item":"https:\/\/goorsanmoda.com\/"},{"@type":"ListItem","position":2,"name":"Inicio"}]},{"@type":"WebSite","@id":"https:\/\/goorsanmoda.com\/#website","url":"https:\/\/goorsanmoda.com\/","name":"GOORSAN","description":"Un comercio acogedor y atractivo decorado para y por mujeres. Comercio de moda femenina donde se podr\u00e1 encontrar lo \u00faltimo en moda, con el mejor asesoramiento.","publisher":{"@id":"https:\/\/goorsanmoda.com\/#organization"},"potentialAction":[{"@type":"SearchAction","target":{"@type":"EntryPoint","urlTemplate":"https:\/\/goorsanmoda.com\/?s={search_term_string}"},"query-input":{"@type":"PropertyValueSpecification","valueRequired":true,"valueName":"search_term_string"}}],"inLanguage":"eu"},{"@type":"Organization","@id":"https:\/\/goorsanmoda.com\/#organization","name":"GOORSAN","url":"https:\/\/goorsanmoda.com\/","logo":{"@type":"ImageObject","inLanguage":"eu","@id":"https:\/\/goorsanmoda.com\/#\/schema\/logo\/image\/","url":"https:\/\/goorsanmoda.com\/wp-content\/uploads\/2025\/05\/cropped-FB_IMG_1746718086866-Goorsan.jpg","contentUrl":"https:\/\/goorsanmoda.com\/wp-content\/uploads\/2025\/05\/cropped-FB_IMG_1746718086866-Goorsan.jpg","width":685,"height":196,"caption":"GOORSAN"},"image":{"@id":"https:\/\/goorsanmoda.com\/#\/schema\/logo\/image\/"}}]}},"_links":{"self":[{"href":"https:\/\/goorsanmoda.com\/eu\/wp-json\/wp\/v2\/pages\/2","targetHints":{"allow":["GET"]}}],"collection":[{"href":"https:\/\/goorsanmoda.com\/eu\/wp-json\/wp\/v2\/pages"}],"about":[{"href":"https:\/\/goorsanmoda.com\/eu\/wp-json\/wp\/v2\/types\/page"}],"author":[{"embeddable":true,"href":"https:\/\/goorsanmoda.com\/eu\/wp-json\/wp\/v2\/users\/1"}],"replies":[{"embeddable":true,"href":"https:\/\/goorsanmoda.com\/eu\/wp-json\/wp\/v2\/comments?post=2"}],"version-history":[{"count":118,"href":"https:\/\/goorsanmoda.com\/eu\/wp-json\/wp\/v2\/pages\/2\/revisions"}],"predecessor-version":[{"id":517,"href":"https:\/\/goorsanmoda.com\/eu\/wp-json\/wp\/v2\/pages\/2\/revisions\/517"}],"wp:attachment":[{"href":"https:\/\/goorsanmoda.com\/eu\/wp-json\/wp\/v2\/media?parent=2"}],"curies":[{"name":"wp","href":"https:\/\/api.w.org\/{rel}","templated":true}]}}